{"id":11,"date":"2023-05-10T14:11:30","date_gmt":"2023-05-10T14:11:30","guid":{"rendered":"http:\/\/fontfer.es\/?page_id=11"},"modified":"2025-06-16T20:54:04","modified_gmt":"2025-06-16T18:54:04","slug":"fontfer-681058727","status":"publish","type":"page","link":"https:\/\/fontanerosensevilla.com\/","title":{"rendered":"TEL\u00c9FONO Y WHATSAPP       681058727"},"content":{"rendered":"<p>Bienvenidos a nuestro rinc\u00f3n<\/p>\n<p>Estamos dedicados a la fontaner\u00eda en la provincia de Sevilla con 35 a\u00f1os de experiencia en el sector, localizamos fugas con gas trazador, trabajamos todo tipo de materiales, pvc, cobre, pex, ppr, multicapa, polietileno, etc.<\/p>\n<p>Reparamos y sustituimos calentadores, termos, grifer\u00edas, bajantes, siempre las mejores marcas, con rapidez y formalidad, precios econ\u00f3micos, presupuestos\u00a0 gratuitos .<\/p>\n<p><strong>Trabajamos a particulares, empresas, comunidades de vecinos, fincas etc.<\/strong><\/p>\n<p><strong>Tel\u00e9fono y\u00a0 whatsapp :\u00a0 681058727<\/strong><\/p>\n<p><a class=\"halo-link person-link person-to\" title=\"fontaneros@fontfer.es\" role=\"button\" href=\"https:\/\/email.ionos.es\/appsuite\/?tl=y#\">fontaneros@fontfer.es<\/a><\/p>\n<p><a href=\"https:\/\/www.facebook.com\/fontfer.asua\">Facebook: https:\/\/www.facebook.com\/fontfer.asua<\/a><\/p>\n<p>@Fontfersevilla<\/p>\n<p>&nbsp;<\/p>\n<p>&nbsp;<\/p>\n","protected":false},"excerpt":{"rendered":"<p>Bienvenidos a nuestro rinc\u00f3n Estamos dedicados a la fontaner\u00eda en la provincia de Sevilla con 35 a\u00f1os de experiencia en el sector, localizamos fugas con gas trazador, trabajamos todo tipo de materiales, pvc, cobre, pex, ppr, multicapa, polietileno, etc. Reparamos y sustituimos calentadores, termos, grifer\u00edas, bajantes, siempre las mejores marcas, con rapidez y formalidad, precios [&hellip;]<\/p>\n","protected":false},"author":1,"featured_media":0,"parent":0,"menu_order":0,"comment_status":"closed","ping_status":"closed","template":"","meta":{"_monsterinsights_skip_tracking":false,"_monsterinsights_sitenote_active":false,"_monsterinsights_sitenote_note":"","_monsterinsights_sitenote_category":0,"ocean_post_layout":"","ocean_both_sidebars_style":"","ocean_both_sidebars_content_width":0,"ocean_both_sidebars_sidebars_width":0,"ocean_sidebar":"0","ocean_second_sidebar":"0","ocean_disable_margins":"enable","ocean_add_body_class":"","ocean_shortcode_before_top_bar":"","ocean_shortcode_after_top_bar":"","ocean_shortcode_before_header":"","ocean_shortcode_after_header":"","ocean_has_shortcode":"","ocean_shortcode_after_title":"","ocean_shortcode_before_footer_widgets":"","ocean_shortcode_after_footer_widgets":"","ocean_shortcode_before_footer_bottom":"","ocean_shortcode_after_footer_bottom":"","ocean_display_top_bar":"default","ocean_display_header":"default","ocean_header_style":"","ocean_center_header_left_menu":"0","ocean_custom_header_template":"0","ocean_custom_logo":0,"ocean_custom_retina_logo":0,"ocean_custom_logo_max_width":0,"ocean_custom_logo_tablet_max_width":0,"ocean_custom_logo_mobile_max_width":0,"ocean_custom_logo_max_height":0,"ocean_custom_logo_tablet_max_height":0,"ocean_custom_logo_mobile_max_height":0,"ocean_header_custom_menu":"0","ocean_menu_typo_font_family":"0","ocean_menu_typo_font_subset":"","ocean_menu_typo_font_size":0,"ocean_menu_typo_font_size_tablet":0,"ocean_menu_typo_font_size_mobile":0,"ocean_menu_typo_font_size_unit":"px","ocean_menu_typo_font_weight":"","ocean_menu_typo_font_weight_tablet":"","ocean_menu_typo_font_weight_mobile":"","ocean_menu_typo_transform":"","ocean_menu_typo_transform_tablet":"","ocean_menu_typo_transform_mobile":"","ocean_menu_typo_line_height":0,"ocean_menu_typo_line_height_tablet":0,"ocean_menu_typo_line_height_mobile":0,"ocean_menu_typo_line_height_unit":"","ocean_menu_typo_spacing":0,"ocean_menu_typo_spacing_tablet":0,"ocean_menu_typo_spacing_mobile":0,"ocean_menu_typo_spacing_unit":"","ocean_menu_link_color":"","ocean_menu_link_color_hover":"","ocean_menu_link_color_active":"","ocean_menu_link_background":"","ocean_menu_link_hover_background":"","ocean_menu_link_active_background":"","ocean_menu_social_links_bg":"","ocean_menu_social_hover_links_bg":"","ocean_menu_social_links_color":"","ocean_menu_social_hover_links_color":"","ocean_disable_title":"default","ocean_disable_heading":"default","ocean_post_title":"","ocean_post_subheading":"","ocean_post_title_style":"","ocean_post_title_background_color":"","ocean_post_title_background":0,"ocean_post_title_bg_image_position":"","ocean_post_title_bg_image_attachment":"","ocean_post_title_bg_image_repeat":"","ocean_post_title_bg_image_size":"","ocean_post_title_height":0,"ocean_post_title_bg_overlay":0.5,"ocean_post_title_bg_overlay_color":"","ocean_disable_breadcrumbs":"default","ocean_breadcrumbs_color":"","ocean_breadcrumbs_separator_color":"","ocean_breadcrumbs_links_color":"","ocean_breadcrumbs_links_hover_color":"","ocean_display_footer_widgets":"default","ocean_display_footer_bottom":"default","ocean_custom_footer_template":"0","footnotes":""},"class_list":["post-11","page","type-page","status-publish","hentry","entry"],"aioseo_notices":[],"jetpack_sharing_enabled":true,"_links":{"self":[{"href":"https:\/\/fontanerosensevilla.com\/index.php?rest_route=\/wp\/v2\/pages\/11","targetHints":{"allow":["GET"]}}],"collection":[{"href":"https:\/\/fontanerosensevilla.com\/index.php?rest_route=\/wp\/v2\/pages"}],"about":[{"href":"https:\/\/fontanerosensevilla.com\/index.php?rest_route=\/wp\/v2\/types\/page"}],"author":[{"embeddable":true,"href":"https:\/\/fontanerosensevilla.com\/index.php?rest_route=\/wp\/v2\/users\/1"}],"replies":[{"embeddable":true,"href":"https:\/\/fontanerosensevilla.com\/index.php?rest_route=%2Fwp%2Fv2%2Fcomments&post=11"}],"version-history":[{"count":20,"href":"https:\/\/fontanerosensevilla.com\/index.php?rest_route=\/wp\/v2\/pages\/11\/revisions"}],"predecessor-version":[{"id":131,"href":"https:\/\/fontanerosensevilla.com\/index.php?rest_route=\/wp\/v2\/pages\/11\/revisions\/131"}],"wp:attachment":[{"href":"https:\/\/fontanerosensevilla.com\/index.php?rest_route=%2Fwp%2Fv2%2Fmedia&parent=11"}],"curies":[{"name":"wp","href":"https:\/\/api.w.org\/{rel}","templated":true}]}}